{"id":5,"date":"2025-08-26T19:25:03","date_gmt":"2025-08-26T19:25:03","guid":{"rendered":"https:\/\/midnightblue-worm-871842.hostingersite.com\/?page_id=5"},"modified":"2025-12-23T21:21:54","modified_gmt":"2025-12-23T21:21:54","slug":"home","status":"publish","type":"page","link":"https:\/\/fradex.mx\/es\/","title":{"rendered":"Home"},"content":{"rendered":"<section class=\"bde-section-5-101 bde-section\">\n              \n  \n  \n\t\n\n  <div class=\"section-background-overlay\"><\/div>\n\n\n<div class=\"section-container\"><div class=\"bde-text-5-102 bde-text\" data-entrance=\"fade\">\nDE MARCA GLOBAL A \u00c9XITO LOCAL\n<\/div><h1 class=\"bde-heading-5-103 bde-heading\" data-entrance=\"fade\">\nEXPANDE TU FRANQUICIA A M\u00c9XICO\n<\/h1><div class=\"bde-text-5-196 bde-text\" data-entrance=\"fade\">\nFacilitamos la expansi\u00f3n de franquicias internacionales en M\u00e9xico con gesti\u00f3n local y enfoque 100 % adaptado al mercado.\n<\/div><div class=\"bde-button-5-105 bde-button\">\n    \n                        \n                        \n    \n    \n    \n    \n            \n                    \n            \n            \n\n    \n    \n    \n    \n    \n    <a class=\"breakdance-link button-atom button-atom--custom bde-button__button\" href=\"https:\/\/midnightblue-worm-871842.hostingersite.com\/contact\/\" target=\"_self\" data-type=\"url\"  >\n\n    \n        <span class=\"button-atom__text\">Comienza hoy<\/span>\n\n                            \n        \n                <\/a>\n\n    \n\n\n<\/div><\/div>\n<\/section><section class=\"bde-section-5-125 bde-section\">\n  \n  \n\t\n\n\n\n<div class=\"section-container\"><div class=\"bde-columns-5-227 bde-columns\"><div class=\"bde-column-5-228 bde-column\">\n  \n  \n\t\n\n\n\n<div class=\"bde-video-5-230 bde-video\">\n<div class=\"ee-video-container\">\n            <video class=\"ee-video\" src=\"https:\/\/midnightblue-worm-871842.hostingersite.com\/wp-content\/uploads\/2025\/08\/video-fradex-intro.webm\"\n                               controls='true'                poster='https:\/\/midnightblue-worm-871842.hostingersite.com\/wp-content\/uploads\/2025\/08\/fradex-hero-scaled.webp'                                                controlslist=\"nodownload\"                playsinline\n>\n        <\/video>\n    \n    <\/div>\n\n<\/div>\n<\/div><div class=\"bde-column-5-229 bde-column\">\n  \n  \n\t\n\n\n\n<div class=\"bde-rich-text-5-232 bde-rich-text breakdance-rich-text-styles\">\n<h4 class=\"p1\"><strong>En Fradex nos aseguramos de cuidar y crecer tu marca como si fuera nuestra.<\/strong><\/h4><p class=\"p1\">Nuestro principal objetivo en Fradex es traer a M\u00e9xico las mejores marcas del mundo a trav\u00e9s de la asesor\u00eda, inversi\u00f3n y administraci\u00f3n de las franquicias que decidan sumarnos a su equipo como franquiciatarios.<\/p><p class=\"p1\">Tu pones la marca, nosotros ponemos el soporte, asesor\u00eda, recursos y procesos, y nos encargamos de todo el resto.<\/p>\n<\/div>\n<\/div><\/div><\/div>\n<\/section><section id=\"about\" class=\"bde-section-5-108 bde-section\" data-entrance=\"fade\">\n  \n  \n\t\n\n\n\n<div class=\"section-container\"><div class=\"bde-text-5-138 bde-text\">\nConoce nuestra historia\n<\/div><h1 class=\"bde-dual-heading-5-358 bde-dual-heading\">\n\n\n            <span data-style=\"primary\" class=\"dual-heading--primary\">SOBRE<\/span>\n\n            <span data-style=\"secondary\" class=\"dual-heading--secondary\">FRADEX<\/span>\n\n\n\n<\/h1><div class=\"bde-columns-5-153 bde-columns\"><div class=\"bde-column-5-154 bde-column\">\n  \n  \n\t\n\n\n\n<div class=\"bde-text-5-156 bde-text\">\nFradex fue creado por Fernando Ar\u00e1mbula, Fernando Gortazar y Jos\u00e9 Ar\u00e1mbula con el prop\u00f3sito de traer las mejores marcas del mundo a M\u00e9xico y llevar lo mejor de M\u00e9xico al mundo.\n<\/div>\n<\/div><div class=\"bde-column-5-155 bde-column\">\n  \n  \n\t\n\n\n\n<div class=\"bde-advancedslider-5-158 bde-advancedslider\">\n<div class=\"breakdance-swiper-wrapper\" data-swiper-id=\"158\">\n  <div class=\"swiper\">\n    <div class=\"swiper-wrapper\">\n      <div class=\"bde-advancedslide-5-159 bde-advancedslide swiper-slide\"><div class=\"advanced-slider__slide\">\r\n  <h3 class=\"bde-heading-5-160 bde-heading\">\n2019\n<\/h3><div class=\"bde-rich-text-5-323 bde-rich-text breakdance-rich-text-styles\">\n<p><strong>\u00a1El inicio de Fradex!<\/strong><\/p><p>Nuestro primer gran avance: nos asociamos con Aquamatic, una empresa de servicio de primera necesidad en un mercado creciente.<\/p>\n<\/div>\r\n<\/div><\/div><div class=\"bde-advancedslide-5-324 bde-advancedslide swiper-slide\"><div class=\"advanced-slider__slide\">\r\n  <h3 class=\"bde-heading-5-325 bde-heading\">\n2020\n<\/h3><div class=\"bde-rich-text-5-326 bde-rich-text breakdance-rich-text-styles\">\n<p>\u00a1Abrimos la primera sucursal de Aquamatic!<\/p><p><strong>San Luis Potos\u00ed<\/strong> se convirti\u00f3 en nuestra primera ubicaci\u00f3n.<\/p>\n<\/div>\r\n<\/div><\/div><div class=\"bde-advancedslide-5-345 bde-advancedslide swiper-slide\"><div class=\"advanced-slider__slide\">\r\n  <h3 class=\"bde-heading-5-346 bde-heading\">\n2021<br>\n<\/h3><div class=\"bde-rich-text-5-347 bde-rich-text breakdance-rich-text-styles\">\n<p><strong>La expansi\u00f3n comienza en Jalisco.<\/strong><\/p><p>Abrimos la primer sucursal de Aquamatic en Jalisco, al mismo tiempo que establecimos <strong>la sede principal y nuestras oficinas corporativas<\/strong> en el estado.<\/p>\n<\/div>\r\n<\/div><\/div><div class=\"bde-advancedslide-5-342 bde-advancedslide swiper-slide\"><div class=\"advanced-slider__slide\">\r\n  <h3 class=\"bde-heading-5-343 bde-heading\">\n2022\n<\/h3><div class=\"bde-rich-text-5-344 bde-rich-text breakdance-rich-text-styles\">\n<p><strong>Ampliando nuestra presencia.<\/strong><\/p><p>Crecimos y nos consolidamos con nuevas sedes en <strong>Ciudad de M\u00e9xico y Michoac\u00e1n.<\/strong><\/p>\n<\/div>\r\n<\/div><\/div><div class=\"bde-advancedslide-5-348 bde-advancedslide swiper-slide\"><div class=\"advanced-slider__slide\">\r\n  <h3 class=\"bde-heading-5-349 bde-heading\">\n2023\n<\/h3><div class=\"bde-rich-text-5-350 bde-rich-text breakdance-rich-text-styles\">\n<p><strong>Dominando el mercado.<\/strong><\/p><p>Fradex se convirti\u00f3 en el franquiciatario m\u00e1s grande de Aquamatic, convirti\u00e9ndonos en <strong>el socio principal de la marca.<\/strong><\/p>\n<\/div>\r\n<\/div><\/div><div class=\"bde-advancedslide-5-351 bde-advancedslide swiper-slide\"><div class=\"advanced-slider__slide\">\r\n  <h3 class=\"bde-heading-5-352 bde-heading\">\n2024\n<\/h3><div class=\"bde-rich-text-5-353 bde-rich-text breakdance-rich-text-styles\">\n<p><strong>Crecimiento como nunca antes. <\/strong><\/p><p>Cerramos el a\u00f1o con un r\u00e9cord de 10 nuevas aperturas y <strong>la llegada de Aquamatic a Puebla.<\/strong><\/p>\n<\/div>\r\n<\/div><\/div><div class=\"bde-advancedslide-5-354 bde-advancedslide swiper-slide\"><div class=\"advanced-slider__slide\">\r\n  <h3 class=\"bde-heading-5-355 bde-heading\">\n2025\n<\/h3><div class=\"bde-rich-text-5-356 bde-rich-text breakdance-rich-text-styles\">\n<p>Llegamos a <strong>30 sucursales de Aquamatic. <\/strong><\/p><p>Proyectando la apertura de una nueva sucursal cada mes, <strong>nuestra historia de crecimiento apenas comienza.<\/strong><\/p>\n<\/div>\r\n<\/div><\/div>\n    <\/div>\n  <\/div>\n\n              <div class=\"swiper-button-prev\">\n            <svg xmlns=\"http:\/\/www.w3.org\/2000\/svg\" viewbox=\"0 0 512 512\"><!--! Font Awesome Free 6.5.1 by @fontawesome - https:\/\/fontawesome.com License - https:\/\/fontawesome.com\/license\/free (Icons: CC BY 4.0, Fonts: SIL OFL 1.1, Code: MIT License) Copyright 2023 Fonticons, Inc. --><path d=\"M512 256A256 256 0 1 0 0 256a256 256 0 1 0 512 0zM231 127c9.4-9.4 24.6-9.4 33.9 0s9.4 24.6 0 33.9l-71 71L376 232c13.3 0 24 10.7 24 24s-10.7 24-24 24l-182.1 0 71 71c9.4 9.4 9.4 24.6 0 33.9s-24.6 9.4-33.9 0L119 273c-9.4-9.4-9.4-24.6 0-33.9L231 127z\"\/><\/svg>\n        <\/div>\n        <div class=\"swiper-button-next\">\n            <svg xmlns=\"http:\/\/www.w3.org\/2000\/svg\" viewbox=\"0 0 512 512\"><!--! Font Awesome Free 6.5.1 by @fontawesome - https:\/\/fontawesome.com License - https:\/\/fontawesome.com\/license\/free (Icons: CC BY 4.0, Fonts: SIL OFL 1.1, Code: MIT License) Copyright 2023 Fonticons, Inc. --><path d=\"M0 256a256 256 0 1 0 512 0A256 256 0 1 0 0 256zM281 385c-9.4 9.4-24.6 9.4-33.9 0s-9.4-24.6 0-33.9l71-71L136 280c-13.3 0-24-10.7-24-24s10.7-24 24-24l182.1 0-71-71c-9.4-9.4-9.4-24.6 0-33.9s24.6-9.4 33.9 0L393 239c9.4 9.4 9.4 24.6 0 33.9L281 385z\"\/><\/svg>\n        <\/div>\n    \n            <div class=\"swiper-pagination\"><\/div>\n    \n<\/div>\n\n<\/div>\n<\/div><\/div><div class=\"bde-div-5-233 bde-div\">\n  \n  \n\t\n\n\n\n<h1 class=\"bde-dual-heading-5-242 bde-dual-heading\">\n\n\n            <span data-style=\"primary\" class=\"dual-heading--primary\">FRADEX<\/span>\n\n            <span data-style=\"secondary\" class=\"dual-heading--secondary\">HOY<\/span>\n\n\n\n<\/h1><div class=\"bde-div-5-241 bde-div\">\n  \n  \n\t\n\n\n\n<div class=\"bde-simple-counter-5-234 bde-simple-counter\">\n<div class=\"bde-simple-counter__wrapper\">\n  <p class=\"bde-simple-counter__number bde-h6\">\n    <span class=\"bde-simple-counter__prefix\"><\/span>\n    <span class=\"bde-simple-counter__digit js-digit\"><\/span>\n    <span class=\"bde-simple-counter__suffix\"><\/span>\n  <\/p>\n    \t<div class=\"bde-simple-counter__title\" >PA\u00cdS<\/div>\n  <\/div>\n\n<\/div><div class=\"bde-simple-counter-5-235 bde-simple-counter\">\n<div class=\"bde-simple-counter__wrapper\">\n  <p class=\"bde-simple-counter__number bde-h6\">\n    <span class=\"bde-simple-counter__prefix\"><\/span>\n    <span class=\"bde-simple-counter__digit js-digit\"><\/span>\n    <span class=\"bde-simple-counter__suffix\"><\/span>\n  <\/p>\n    \t<div class=\"bde-simple-counter__title\" >ESTADOS<\/div>\n  <\/div>\n\n<\/div><div class=\"bde-simple-counter-5-236 bde-simple-counter\">\n<div class=\"bde-simple-counter__wrapper\">\n  <p class=\"bde-simple-counter__number bde-h6\">\n    <span class=\"bde-simple-counter__prefix\"><\/span>\n    <span class=\"bde-simple-counter__digit js-digit\"><\/span>\n    <span class=\"bde-simple-counter__suffix\">+<\/span>\n  <\/p>\n    \t<div class=\"bde-simple-counter__title\" >SUCURSALES<\/div>\n  <\/div>\n\n<\/div><div class=\"bde-simple-counter-5-237 bde-simple-counter\">\n<div class=\"bde-simple-counter__wrapper\">\n  <p class=\"bde-simple-counter__number bde-h6\">\n    <span class=\"bde-simple-counter__prefix\"><\/span>\n    <span class=\"bde-simple-counter__digit js-digit\"><\/span>\n    <span class=\"bde-simple-counter__suffix\">M+<\/span>\n  <\/p>\n    \t<div class=\"bde-simple-counter__title\" >CLIENTES<\/div>\n  <\/div>\n\n<\/div><div class=\"bde-simple-counter-5-238 bde-simple-counter\">\n<div class=\"bde-simple-counter__wrapper\">\n  <p class=\"bde-simple-counter__number bde-h6\">\n    <span class=\"bde-simple-counter__prefix\"><\/span>\n    <span class=\"bde-simple-counter__digit js-digit\"><\/span>\n    <span class=\"bde-simple-counter__suffix\"><\/span>\n  <\/p>\n    \t<div class=\"bde-simple-counter__title\" >MARCA<\/div>\n  <\/div>\n\n<\/div><div class=\"bde-simple-counter-5-239 bde-simple-counter\">\n<div class=\"bde-simple-counter__wrapper\">\n  <p class=\"bde-simple-counter__number bde-h6\">\n    <span class=\"bde-simple-counter__prefix\"><\/span>\n    <span class=\"bde-simple-counter__digit js-digit\"><\/span>\n    <span class=\"bde-simple-counter__suffix\">+<\/span>\n  <\/p>\n    \t<div class=\"bde-simple-counter__title\" >EMPLEADOS<\/div>\n  <\/div>\n\n<\/div>\n<\/div>\n<\/div><\/div>\n<\/section><section id=\"how\" class=\"bde-section-5-253 bde-section\" data-entrance=\"fade\">\n  \n  \n\t\n\n\n\n<div class=\"section-container\"><div class=\"bde-text-5-255 bde-text\">\nCOMO COMENZAR\n<\/div><h1 class=\"bde-dual-heading-5-278 bde-dual-heading\">\n\n\n            <span data-style=\"primary\" class=\"dual-heading--primary\">DE LA VISI\u00d3N A LA EXPANSI\u00d3N:<\/span>\n\n            <span data-style=\"secondary\" class=\"dual-heading--secondary\">TU PROCESO CON FRADEX<\/span>\n\n\n\n<\/h1><div class=\"bde-fancy-divider-5-279 bde-fancy-divider\">\n\n\n<div class=\"bde-fancy-divider__wrapper\">\n  <div class=\"bde-fancy-divider__separator\">\n  \t  <\/div>\n<\/div>\n\n<\/div><div class=\"bde-columns-5-257 bde-columns\"><div class=\"bde-column-5-258 bde-column\" data-parallax=\"true\">\n  \n  \n\t\n\n\n\n<div class=\"bde-text-5-259 bde-text\">\n01\n<\/div><h3 class=\"bde-heading-5-260 bde-heading\">\nAPLICA\n<\/h3><div class=\"bde-rich-text-5-297 bde-rich-text breakdance-rich-text-styles\">\n<p>Llena este formulario para aplicar y empezar a trabajar con nosotros. <a href=\"https:\/\/midnightblue-worm-871842.hostingersite.com\/contact\/\">this form<\/a> to apply and start working with us.<\/p>\n<\/div>\n<\/div><div class=\"bde-column-5-263 bde-column\" data-parallax=\"true\">\n  \n  \n\t\n\n\n\n<div class=\"bde-text-5-264 bde-text\">\n02\n<\/div><h3 class=\"bde-heading-5-265 bde-heading\">\nCONOCE AL EQUIPO DE FRADEX\n<\/h3><div class=\"bde-text-5-266 bde-text\">\nNuestro equipo se pondr\u00e1 en contacto para agendar una cita contigo.<br>\n<\/div>\n<\/div><div class=\"bde-column-5-268 bde-column\" data-parallax=\"true\">\n  \n  \n\t\n\n\n\n<div class=\"bde-text-5-269 bde-text\">\n03\n<\/div><h3 class=\"bde-heading-5-270 bde-heading\">\nINVESTIGACI\u00d3N DE MERCADO Y FINANCIERA\n<\/h3><div class=\"bde-text-5-271 bde-text\">\nLlevaremos a cabo un estudio de mercado y financiero de tu franquicia. As\u00ed, nos aseguraremos que nuestra colaboraci\u00f3n sea un \u00e9xito.\n<\/div>\n<\/div><div class=\"bde-column-5-273 bde-column\" data-parallax=\"true\">\n  \n  \n\t\n\n\n\n<div class=\"bde-text-5-274 bde-text\">\n04\n<\/div><h3 class=\"bde-heading-5-275 bde-heading\">\nPLAN DE EXPANSI\u00d3N\n<\/h3><div class=\"bde-text-5-276 bde-text\">\nJuntos, dise\u00f1aremos un plan de expansi\u00f3n a la medida de tu marca, para asegurar beneficios y resultados s\u00f3lidos para ambos.<br>\n<\/div>\n<\/div><\/div><div class=\"bde-columns-5-280 bde-columns\"><div class=\"bde-column-5-281 bde-column\" data-parallax=\"true\">\n  \n  \n\t\n\n\n\n<div class=\"bde-text-5-282 bde-text\">\n05\n<\/div><h3 class=\"bde-heading-5-283 bde-heading\">\nHAG\u00c1MOSLO OFICIAL\n<\/h3><div class=\"bde-text-5-284 bde-text\">\nFirmaremos un acuerdo maestro de franquicia y dejaremos todo listo para el lanzamiento.<br>\n<\/div>\n<\/div><div class=\"bde-column-5-285 bde-column\" data-parallax=\"true\">\n  \n  \n\t\n\n\n\n<div class=\"bde-text-5-286 bde-text\">\n06\n<\/div><h3 class=\"bde-heading-5-287 bde-heading\">\nGRAN APERTURA\n<\/h3><div class=\"bde-text-5-288 bde-text\">\nHacemos realidad el proyecto con el lanzamiento de tu primera sucursal.<br>\n<\/div>\n<\/div><div class=\"bde-column-5-289 bde-column\" data-parallax=\"true\">\n  \n  \n\t\n\n\n\n<div class=\"bde-text-5-290 bde-text\">\n07\n<\/div><h3 class=\"bde-heading-5-291 bde-heading\">\nLISTOS PARA CRECER\n<\/h3><div class=\"bde-text-5-292 bde-text\">\n\u00a1Todo listo! Nosotros nos encargamos completamente de la inversi\u00f3n, la administraci\u00f3n y la operaci\u00f3n de tu marca en el mercado mexicano.\n<\/div>\n<\/div><\/div><\/div>\n<\/section><section id=\"mexico\" class=\"bde-section-5-409 bde-section\">\n  \n  \n\t\n\n\n\n<div class=\"section-container\"><div class=\"bde-columns-5-410 bde-columns\"><div class=\"bde-column-5-411 bde-column\">\n  \n  \n\t\n\n\n\n<h1 class=\"bde-dual-heading-5-430 bde-dual-heading\">\n\n\n            <span data-style=\"primary\" class=\"dual-heading--primary\">\u00bfPOR QU\u00c9<\/span>\n\n            <span data-style=\"secondary\" class=\"dual-heading--secondary\">M\u00c9XICO?<\/span>\n\n\n\n<\/h1><div class=\"bde-text-5-413 bde-text\">\nM\u00e9xico ofrece crecimiento y oportunidades \u00fanicas. Nosotros te ayudamos a explotar todo su potencial.\n<\/div><div class=\"bde-div-5-431 bde-div\">\n  \n  \n\t\n\n\n\n<div class=\"bde-simple-counter-5-436 bde-simple-counter\">\n<div class=\"bde-simple-counter__wrapper\">\n  <p class=\"bde-simple-counter__number bde-h6\">\n    <span class=\"bde-simple-counter__prefix\"><\/span>\n    <span class=\"bde-simple-counter__digit js-digit\"><\/span>\n    <span class=\"bde-simple-counter__suffix\">M+<\/span>\n  <\/p>\n    \t<div class=\"bde-simple-counter__title\" >Poblaci\u00f3n<\/div>\n  <\/div>\n\n<\/div><div class=\"bde-simple-counter-5-437 bde-simple-counter\">\n<div class=\"bde-simple-counter__wrapper\">\n  <p class=\"bde-simple-counter__number bde-h6\">\n    <span class=\"bde-simple-counter__prefix\">$<\/span>\n    <span class=\"bde-simple-counter__digit js-digit\"><\/span>\n    <span class=\"bde-simple-counter__suffix\">B+<\/span>\n  <\/p>\n    \t<div class=\"bde-simple-counter__title\" >Industria de Franquicias<\/div>\n  <\/div>\n\n<\/div><div class=\"bde-simple-counter-5-438 bde-simple-counter\">\n<div class=\"bde-simple-counter__wrapper\">\n  <p class=\"bde-simple-counter__number bde-h6\">\n    <span class=\"bde-simple-counter__prefix\">Top<\/span>\n    <span class=\"bde-simple-counter__digit js-digit\"><\/span>\n    <span class=\"bde-simple-counter__suffix\"><\/span>\n  <\/p>\n    \t<div class=\"bde-simple-counter__title\" >Mercado de franquicias global<\/div>\n  <\/div>\n\n<\/div><div class=\"bde-simple-counter-5-439 bde-simple-counter\">\n<div class=\"bde-simple-counter__wrapper\">\n  <p class=\"bde-simple-counter__number bde-h6\">\n    <span class=\"bde-simple-counter__prefix\"><\/span>\n    <span class=\"bde-simple-counter__digit js-digit\"><\/span>\n    <span class=\"bde-simple-counter__suffix\">+<\/span>\n  <\/p>\n    \t<div class=\"bde-simple-counter__title\" >Ciudades con poblaciones mayores a 250k<\/div>\n  <\/div>\n\n<\/div>\n<\/div>\n<\/div><div class=\"bde-column-5-415 bde-column\">\n  \n  \n\t\n\n\n\n<div class=\"bde-text-5-416 bde-text\">\nClase media en r\u00e1pido crecimiento\n<\/div><div class=\"bde-text-5-417 bde-text\">\nM\u00e1s del 50% de la poblaci\u00f3n de M\u00e9xico pertenece a la clase media, impulsando la demanda de servicios de mayor calidad en las principales ciudades.\n<\/div><div class=\"bde-text-5-418 bde-text\">\nAlineaci\u00f3n cultural con Estados Unidos y Europa\n<\/div><div class=\"bde-text-5-419 bde-text\">\nEl comportamiento del consumidor y las expectativas de servicio se alinean cada vez m\u00e1s con los est\u00e1ndares internacionales, facilitando la adaptaci\u00f3n y el \u00e9xito de las marcas.<br>\n<\/div><div class=\"bde-text-5-420 bde-text\">\nEntorno favorable para franquicias\n<\/div><div class=\"bde-text-5-421 bde-text\">\nM\u00e9xico cuenta con una cultura de franquicias bien consolidada y un marco legal s\u00f3lido, creando las condiciones adecuadas para una expansi\u00f3n exitosa de marca.<br>\n<\/div>\n<\/div><div class=\"bde-column-5-422 bde-column\">\n  \n  \n\t\n\n\n\n<div class=\"bde-text-5-423 bde-text\">\nCrecimiento urbano y demanda en aumento\n<\/div><div class=\"bde-text-5-424 bde-text\">\nCon el traslado de millones de personas a las ciudades, la demanda de servicios como lavander\u00eda, est\u00e9tica, bienestar y coworking contin\u00faa dispar\u00e1ndose.<br>\n<\/div><div class=\"bde-text-5-425 bde-text\">\nCostos operativos m\u00e1s bajos<br>\n<\/div><div class=\"bde-text-5-426 bde-text\">\nM\u00e9xico ofrece precios m\u00e1s competitivos en mano de obra, bienes ra\u00edces y gastos operativos que EE. UU. o Europa, conservando el talento y la calidad.<br>\n<\/div><div class=\"bde-text-5-427 bde-text\">\nCiudades en crecimiento m\u00e1s all\u00e1 de CDMX<br>\n<\/div><div class=\"bde-text-5-428 bde-text\">\nGuadalajara, Monterrey, Quer\u00e9taro y M\u00e9rida est\u00e1n creciendo r\u00e1pidamente, con una fuerte demanda de marcas de servicios premium.\n<\/div>\n<\/div><\/div><\/div>\n<\/section><section class=\"bde-section-5-318 bde-section\" data-entrance=\"slideLeft\">\n  \n  \n\t\n\n\n\n<div class=\"section-container\"><img decoding=\"async\" class=\"bde-image2-5-408 bde-image2\" src=\"https:\/\/midnightblue-worm-871842.hostingersite.com\/wp-content\/uploads\/2025\/09\/fradex2.webp\" loading=\"lazy\" srcset=\"https:\/\/midnightblue-worm-871842.hostingersite.com\/wp-content\/uploads\/2025\/09\/fradex2.webp 1280w, https:\/\/midnightblue-worm-871842.hostingersite.com\/wp-content\/uploads\/2025\/09\/fradex2-300x200.webp 300w, https:\/\/midnightblue-worm-871842.hostingersite.com\/wp-content\/uploads\/2025\/09\/fradex2-1024x682.webp 1024w, https:\/\/midnightblue-worm-871842.hostingersite.com\/wp-content\/uploads\/2025\/09\/fradex2-768x512.webp 768w\" sizes=\"(max-width: 1280px) 100vw, 1280px\" data-parallax=\"true\"><div class=\"bde-div-5-319 bde-div\">\n  \n  \n\t\n\n\n\n<h1 class=\"bde-dual-heading-5-195 bde-dual-heading\">\n\n\n            <span data-style=\"primary\" class=\"dual-heading--primary\">Fradex:<\/span>\n\n            <span data-style=\"secondary\" class=\"dual-heading--secondary\">EL EQUIPO DETR\u00c1S DE TU<\/span>\n\n            <span data-style=\"primary\" class=\"dual-heading--primary\">EXPANSI\u00d3N<\/span>\n\n\n\n<\/h1><div class=\"bde-text-5-321 bde-text\">\nImpulsa la expansi\u00f3n de tu marca en uno de los pa\u00edses con mayor crecimiento de Am\u00e9rica Latina.\n<\/div><div class=\"bde-button-5-226 bde-button\">\n    \n                        \n                        \n    \n    \n    \n    \n            \n                    \n            \n            \n\n    \n    \n    \n    \n    \n    <a class=\"breakdance-link button-atom button-atom--custom bde-button__button\" href=\"https:\/\/midnightblue-worm-871842.hostingersite.com\/contact\/\" target=\"_self\" data-type=\"url\"  >\n\n    \n        <span class=\"button-atom__text\">Comienza ahora<\/span>\n\n                            \n        \n                <\/a>\n\n    \n\n\n<\/div>\n<\/div><\/div>\n<\/section>","protected":false},"excerpt":{"rendered":"<p>FROM GLOBAL BRAND TO LOCAL SUCCESS BRING YOUR FRANCHISE TO MEXICO We help global franchise brands expand into Mexico with seamless, fully managed local operations tailored to the Mexican market. Start today At Fradex, we grow your brand as if it were our own.Expanding in Mexico requires more than just knowledge\u2014it takes experience, strategy, and [&hellip;]<\/p>","protected":false},"author":1,"featured_media":0,"parent":0,"menu_order":0,"comment_status":"closed","ping_status":"closed","template":"","meta":{"_breakdance_hide_in_design_set":false,"_breakdance_tags":"","footnotes":""},"class_list":["post-5","page","type-page","status-publish","hentry"],"_links":{"self":[{"href":"https:\/\/fradex.mx\/es\/wp-json\/wp\/v2\/pages\/5","targetHints":{"allow":["GET"]}}],"collection":[{"href":"https:\/\/fradex.mx\/es\/wp-json\/wp\/v2\/pages"}],"about":[{"href":"https:\/\/fradex.mx\/es\/wp-json\/wp\/v2\/types\/page"}],"author":[{"embeddable":true,"href":"https:\/\/fradex.mx\/es\/wp-json\/wp\/v2\/users\/1"}],"replies":[{"embeddable":true,"href":"https:\/\/fradex.mx\/es\/wp-json\/wp\/v2\/comments?post=5"}],"version-history":[{"count":87,"href":"https:\/\/fradex.mx\/es\/wp-json\/wp\/v2\/pages\/5\/revisions"}],"predecessor-version":[{"id":161,"href":"https:\/\/fradex.mx\/es\/wp-json\/wp\/v2\/pages\/5\/revisions\/161"}],"wp:attachment":[{"href":"https:\/\/fradex.mx\/es\/wp-json\/wp\/v2\/media?parent=5"}],"curies":[{"name":"wp","href":"https:\/\/api.w.org\/{rel}","templated":true}]}}